{"id":22,"date":"2024-01-03T15:57:29","date_gmt":"2024-01-03T15:57:29","guid":{"rendered":"https:\/\/latinamericamarket.com\/?page_id=22"},"modified":"2024-01-16T22:11:22","modified_gmt":"2024-01-16T22:11:22","slug":"contacto","status":"publish","type":"page","link":"https:\/\/latinamericamarket.com\/?page_id=22&lang=es","title":{"rendered":"Contacto"},"content":{"rendered":"\n<p>Correo Electr\u00f3nico: latinamericamarketllc@gmail.com<\/p>\n\n\n\n<p>N\u00famero de Tel\u00e9fono: (512) 659-9330<\/p>\n","protected":false},"excerpt":{"rendered":"<p>Correo Electr\u00f3nico: latinamericamarketllc@gmail.com N\u00famero de Tel\u00e9fono: (512) 659-9330<\/p>\n","protected":false},"author":1,"featured_media":0,"parent":0,"menu_order":0,"comment_status":"closed","ping_status":"closed","template":"","meta":{"_et_pb_use_builder":"off","_et_pb_old_content":"<!-- wp:divi\/placeholder \/-->","_et_gb_content_width":"","footnotes":""},"class_list":["post-22","page","type-page","status-publish","hentry"],"_links":{"self":[{"href":"https:\/\/latinamericamarket.com\/index.php?rest_route=\/wp\/v2\/pages\/22","targetHints":{"allow":["GET"]}}],"collection":[{"href":"https:\/\/latinamericamarket.com\/index.php?rest_route=\/wp\/v2\/pages"}],"about":[{"href":"https:\/\/latinamericamarket.com\/index.php?rest_route=\/wp\/v2\/types\/page"}],"author":[{"embeddable":true,"href":"https:\/\/latinamericamarket.com\/index.php?rest_route=\/wp\/v2\/users\/1"}],"replies":[{"embeddable":true,"href":"https:\/\/latinamericamarket.com\/index.php?rest_route=%2Fwp%2Fv2%2Fcomments&post=22"}],"version-history":[{"count":3,"href":"https:\/\/latinamericamarket.com\/index.php?rest_route=\/wp\/v2\/pages\/22\/revisions"}],"predecessor-version":[{"id":220,"href":"https:\/\/latinamericamarket.com\/index.php?rest_route=\/wp\/v2\/pages\/22\/revisions\/220"}],"wp:attachment":[{"href":"https:\/\/latinamericamarket.com\/index.php?rest_route=%2Fwp%2Fv2%2Fmedia&parent=22"}],"curies":[{"name":"wp","href":"https:\/\/api.w.org\/{rel}","templated":true}]}}