{"id":60,"date":"2024-01-03T16:31:57","date_gmt":"2024-01-03T16:31:57","guid":{"rendered":"https:\/\/latinamericamarket.com\/?page_id=60"},"modified":"2024-04-28T22:42:41","modified_gmt":"2024-04-28T22:42:41","slug":"reglas","status":"publish","type":"page","link":"https:\/\/latinamericamarket.com\/?page_id=60&lang=es","title":{"rendered":"Reglas para Vendedores"},"content":{"rendered":"\n<p>Reglas del proveedor<br>Al enviar el pago para participar como proveedor, acepta las Reglas para proveedores a continuaci\u00f3n:<\/p>\n\n\n\n<ul class=\"wp-block-list\">\n<li>Todos los espacioss son de 10\u00d710. Utilice el espacio debajo de sus mesas para almacenamiento.<\/li>\n\n\n\n<li>Todo lo necesario para su configuraci\u00f3n debe ser proporcionado por usted. Esto incluye la carpa o toldo, mesas y sillas.<\/li>\n\n\n\n<li>Una vez que haya descargado su veh\u00edculo, mueva su autom\u00f3vil inmediatamente para asegurarse de que el proceso de descarga sea eficiente para todos.<\/li>\n\n\n\n<li>Todos los proveedores deben permanecer durante el tiempo que dure evento. Si se retira antes de tiempo, no aprobaremos otra solicitud para pr\u00f3ximos eventos.<\/li>\n\n\n\n<li>Si se agota su mercanc\u00eda, puede dejar un letrero y regresar a desmontar su espacio al terminar el evento.<\/li>\n\n\n\n<li>Los vendedores deben traer un recipiente para su basura y deshacerse de su propia basura al momento del desmontaje.<\/li>\n\n\n\n<li>Latin America Market se reserva el derecho de revocar la aprobaci\u00f3n de un vendedor en cualquier momento.<\/li>\n\n\n\n<li>Los vendedores que participan en cualquier evento de Latin America Market bajo su propio riesgo y por la presente liberan a Latin America Market, LLC de cualquier responsabilidad. Los proveedores adem\u00e1s acuerdan eximir a lo anterior de cualquier accidente, incidente, lesi\u00f3n o muerte.<\/li>\n\n\n\n<li><strong>NO HAY REEMBOLSOS o CANCELACIONES de pagos ni traspasos de fecha por inclemencias del tiempo o cualquier otro motivo.<\/strong><\/li>\n\n\n\n<li>No se permiten solicitudes de ningun tipo.<\/li>\n\n\n\n<li>Los vendedores no pueden gritarle a la gente ni caminar por el mercado entregando muestras.<\/li>\n<\/ul>\n\n\n\n<p><strong>Para vendedores de comida:<\/strong><\/p>\n\n\n\n<ul class=\"wp-block-list\">\n<li>Requerimos que usted nos env\u00ede por email (<strong>latinamericamarketllc@gmail.com<\/strong>) una copia de su permiso temporal para vender alimentos autorizado y tambi\u00e9n usted deber\u00e1 mostrarlo claramente en su mesa el d\u00eda del evento.<\/li>\n\n\n\n<li>Si no recibimos la copia de su permiso temporal para vender alimentos autorizado y tampoco lo muestra claramente en su mesa el d\u00eda del evento, su participaci\u00f3n de ese d\u00eda ser\u00e1 autom\u00e1ticamente cancelada.<\/li>\n<\/ul>\n","protected":false},"excerpt":{"rendered":"<p>Reglas del proveedorAl enviar el pago para participar como proveedor, acepta las Reglas para proveedores a continuaci\u00f3n: Para vendedores de comida:<\/p>\n","protected":false},"author":1,"featured_media":0,"parent":0,"menu_order":0,"comment_status":"closed","ping_status":"closed","template":"","meta":{"_et_pb_use_builder":"off","_et_pb_old_content":"<!-- wp:paragraph -->\n<p>Reglas del proveedor<br>Al enviar el pago para participar como proveedor, acepta las Reglas para proveedores a continuaci\u00f3n:<\/p>\n<!-- \/wp:paragraph -->\n\n<!-- wp:list -->\n<ul><!-- wp:list-item -->\n<li>Todos los espacioss son de 10\u00d710. Utilice el espacio debajo de sus mesas para almacenamiento.<\/li>\n<!-- \/wp:list-item -->\n\n<!-- wp:list-item -->\n<li>Todo lo necesario para su configuraci\u00f3n debe ser proporcionado por usted. Esto incluye la carpa o toldo, mesas y sillas.<\/li>\n<!-- \/wp:list-item -->\n\n<!-- wp:list-item -->\n<li>Una vez que haya descargado su veh\u00edculo, mueva su autom\u00f3vil inmediatamente para asegurarse de que el proceso de descarga sea eficiente para todos.<\/li>\n<!-- \/wp:list-item -->\n\n<!-- wp:list-item -->\n<li>Todos los proveedores deben permanecer durante el tiempo que dure evento. Si se retira antes de tiempo, no aprobaremos otra solicitud para pr\u00f3ximos eventos.<\/li>\n<!-- \/wp:list-item -->\n\n<!-- wp:list-item -->\n<li>Si se agota su mercanc\u00eda, puede dejar un letrero y regresar a desmontar su espacio al terminar el evento.<\/li>\n<!-- \/wp:list-item -->\n\n<!-- wp:list-item -->\n<li>Los vendedores deben traer un recipiente para su basura y deshacerse de su propia basura al momento del desmontaje.<\/li>\n<!-- \/wp:list-item -->\n\n<!-- wp:list-item -->\n<li>Latin America Market se reserva el derecho de revocar la aprobaci\u00f3n de un vendedor en cualquier momento.<\/li>\n<!-- \/wp:list-item -->\n\n<!-- wp:list-item -->\n<li>Los vendedores que participan en cualquier evento de Latin America Market bajo su propio riesgo y por la presente liberan a Latin America Market, LLC de cualquier responsabilidad. Los proveedores adem\u00e1s acuerdan eximir a lo anterior de cualquier accidente, incidente, lesi\u00f3n o muerte.<\/li>\n<!-- \/wp:list-item -->\n\n<!-- wp:list-item -->\n<li>NO HAY REEMBOLSOS por cancelaci\u00f3n y\/o inclemencias del tiempo.<\/li>\n<!-- \/wp:list-item -->\n\n<!-- wp:list-item -->\n<li>Una vez que se confirma la fecha o fechas de participaci\u00f3n de un proveedor y se procesa el pago, son inmutables. Si cancelamos debido al clima, haremos todo lo posible para ofrecer una fecha de recuperaci\u00f3n, pero esto no est\u00e1 garantizado.<\/li>\n<!-- \/wp:list-item -->\n\n<!-- wp:list-item -->\n<li>No se permite solicitar a otros provedores. Los vendedores no pueden gritarle a la gente ni caminar por el mercado entregando muestras.<\/li>\n<!-- \/wp:list-item --><\/ul>\n<!-- \/wp:list -->","_et_gb_content_width":"","footnotes":""},"class_list":["post-60","page","type-page","status-publish","hentry"],"_links":{"self":[{"href":"https:\/\/latinamericamarket.com\/index.php?rest_route=\/wp\/v2\/pages\/60","targetHints":{"allow":["GET"]}}],"collection":[{"href":"https:\/\/latinamericamarket.com\/index.php?rest_route=\/wp\/v2\/pages"}],"about":[{"href":"https:\/\/latinamericamarket.com\/index.php?rest_route=\/wp\/v2\/types\/page"}],"author":[{"embeddable":true,"href":"https:\/\/latinamericamarket.com\/index.php?rest_route=\/wp\/v2\/users\/1"}],"replies":[{"embeddable":true,"href":"https:\/\/latinamericamarket.com\/index.php?rest_route=%2Fwp%2Fv2%2Fcomments&post=60"}],"version-history":[{"count":5,"href":"https:\/\/latinamericamarket.com\/index.php?rest_route=\/wp\/v2\/pages\/60\/revisions"}],"predecessor-version":[{"id":335,"href":"https:\/\/latinamericamarket.com\/index.php?rest_route=\/wp\/v2\/pages\/60\/revisions\/335"}],"wp:attachment":[{"href":"https:\/\/latinamericamarket.com\/index.php?rest_route=%2Fwp%2Fv2%2Fmedia&parent=60"}],"curies":[{"name":"wp","href":"https:\/\/api.w.org\/{rel}","templated":true}]}}